{"id":41,"date":"2019-05-13T17:23:13","date_gmt":"2019-05-13T17:23:13","guid":{"rendered":"https:\/\/contapsmexico.com\/?page_id=41"},"modified":"2019-05-13T20:39:44","modified_gmt":"2019-05-13T20:39:44","slug":"sistemas","status":"publish","type":"page","link":"https:\/\/contapsmexico.com\/?page_id=41","title":{"rendered":"Sistemas"},"content":{"rendered":"\n<p>Nuestros sistemas Roll Off son nuevos y cuenta con un cable de 60 mil libras marca Gabret para 30 toneladas.<\/p>\n\n\n\n<p>Tambi\u00e9n cuenta con un gancho para 3 y 6 toneladas <\/p>\n\n\n\n<p>Un sistema de carga trasera tipo Maclein o sobre dise\u00f1o<\/p>\n\n\n\n<p>Tambi\u00e9n contamos con el servicio de reparaciones hidr\u00e1ulicas de todo tipo de pistones y cilindros de cualquier sistema hidr\u00e1ulico en m\u00e1quinas como poligrapas empacadoras de cart\u00f3n verticales.<\/p>\n\n\n\n<p>Y todo lo relacionado con el mantenimeinto de sistemas hidr\u00e1ulicos. <\/p>\n\n\n\n<ul class=\"wp-block-gallery columns-2 is-cropped\"><li class=\"blocks-gallery-item\"><figure><img loading=\"lazy\" width=\"400\" height=\"250\" src=\"https:\/\/contapsmexico.com\/wp-content\/uploads\/2019\/05\/sistema1.jpg\" alt=\"\" data-id=\"131\" data-link=\"https:\/\/contapsmexico.com\/?attachment_id=131\" class=\"wp-image-131\" srcset=\"https:\/\/contapsmexico.com\/wp-content\/uploads\/2019\/05\/sistema1.jpg 400w, https:\/\/contapsmexico.com\/wp-content\/uploads\/2019\/05\/sistema1-300x188.jpg 300w\" sizes=\"(max-width: 400px) 100vw, 400px\" \/><\/figure><\/li><li class=\"blocks-gallery-item\"><figure><img loading=\"lazy\" width=\"400\" height=\"250\" src=\"https:\/\/contapsmexico.com\/wp-content\/uploads\/2019\/05\/sistema2.jpg\" alt=\"\" data-id=\"132\" data-link=\"https:\/\/contapsmexico.com\/?attachment_id=132\" class=\"wp-image-132\" srcset=\"https:\/\/contapsmexico.com\/wp-content\/uploads\/2019\/05\/sistema2.jpg 400w, https:\/\/contapsmexico.com\/wp-content\/uploads\/2019\/05\/sistema2-300x188.jpg 300w\" sizes=\"(max-width: 400px) 100vw, 400px\" \/><\/figure><\/li><li class=\"blocks-gallery-item\"><figure><img loading=\"lazy\" width=\"400\" height=\"250\" src=\"https:\/\/contapsmexico.com\/wp-content\/uploads\/2019\/05\/sistema3.jpg\" alt=\"\" data-id=\"133\" data-link=\"https:\/\/contapsmexico.com\/?attachment_id=133\" class=\"wp-image-133\" srcset=\"https:\/\/contapsmexico.com\/wp-content\/uploads\/2019\/05\/sistema3.jpg 400w, https:\/\/contapsmexico.com\/wp-content\/uploads\/2019\/05\/sistema3-300x188.jpg 300w\" sizes=\"(max-width: 400px) 100vw, 400px\" \/><\/figure><\/li><li class=\"blocks-gallery-item\"><figure><img loading=\"lazy\" width=\"400\" height=\"250\" src=\"https:\/\/contapsmexico.com\/wp-content\/uploads\/2019\/05\/sistema4.jpg\" alt=\"\" data-id=\"134\" data-link=\"https:\/\/contapsmexico.com\/?attachment_id=134\" class=\"wp-image-134\" srcset=\"https:\/\/contapsmexico.com\/wp-content\/uploads\/2019\/05\/sistema4.jpg 400w, https:\/\/contapsmexico.com\/wp-content\/uploads\/2019\/05\/sistema4-300x188.jpg 300w\" sizes=\"(max-width: 400px) 100vw, 400px\" \/><\/figure><\/li><\/ul>\n","protected":false},"excerpt":{"rendered":"<p>Nuestros sistemas Roll Off son nuevos y cuenta con un cable de 60 mil libras marca Gabret para 30 toneladas. Tambi\u00e9n cuenta con un gancho para 3 y 6 toneladas Un sistema de carga trasera tipo Maclein o sobre dise\u00f1o Tambi\u00e9n contamos con el servicio de reparaciones hidr\u00e1ulicas de todo tipo de pistones y cilindros &hellip; <\/p>\n<p class=\"link-more\"><a href=\"https:\/\/contapsmexico.com\/?page_id=41\" class=\"more-link\">Continuar leyendo<span class=\"screen-reader-text\"> &#8220;Sistemas&#8221;<\/span><\/a><\/p>\n","protected":false},"author":1,"featured_media":101,"parent":0,"menu_order":0,"comment_status":"closed","ping_status":"closed","template":"","meta":[],"_links":{"self":[{"href":"https:\/\/contapsmexico.com\/index.php?rest_route=\/wp\/v2\/pages\/41"}],"collection":[{"href":"https:\/\/contapsmexico.com\/index.php?rest_route=\/wp\/v2\/pages"}],"about":[{"href":"https:\/\/contapsmexico.com\/index.php?rest_route=\/wp\/v2\/types\/page"}],"author":[{"embeddable":true,"href":"https:\/\/contapsmexico.com\/index.php?rest_route=\/wp\/v2\/users\/1"}],"replies":[{"embeddable":true,"href":"https:\/\/contapsmexico.com\/index.php?rest_route=%2Fwp%2Fv2%2Fcomments&post=41"}],"version-history":[{"count":2,"href":"https:\/\/contapsmexico.com\/index.php?rest_route=\/wp\/v2\/pages\/41\/revisions"}],"predecessor-version":[{"id":135,"href":"https:\/\/contapsmexico.com\/index.php?rest_route=\/wp\/v2\/pages\/41\/revisions\/135"}],"wp:featuredmedia":[{"embeddable":true,"href":"https:\/\/contapsmexico.com\/index.php?rest_route=\/wp\/v2\/media\/101"}],"wp:attachment":[{"href":"https:\/\/contapsmexico.com\/index.php?rest_route=%2Fwp%2Fv2%2Fmedia&parent=41"}],"curies":[{"name":"wp","href":"https:\/\/api.w.org\/{rel}","templated":true}]}}